{"id":117,"date":"2025-03-03T14:49:55","date_gmt":"2025-03-03T13:49:55","guid":{"rendered":"https:\/\/kompam.webd.pl\/strony\/lgd-garwolin.pl\/?page_id=117"},"modified":"2025-09-15T21:11:32","modified_gmt":"2025-09-15T19:11:32","slug":"walne-zebranie-czlonkow","status":"publish","type":"page","link":"https:\/\/lgd-garwolin.pl\/index.php\/walne-zebranie-czlonkow\/","title":{"rendered":"Walne Zebranie Cz\u0142onk\u00f3w"},"content":{"rendered":"\t\t<div data-elementor-type=\"wp-page\" data-elementor-id=\"117\" class=\"elementor elementor-117\">\n\t\t\t\t<div class=\"elementor-element elementor-element-86e5551 e-con-full e-flex e-con e-parent\" data-id=\"86e5551\" data-element_type=\"container\" data-e-type=\"container\">\n\t\t\t\t<div class=\"elementor-element elementor-element-751690ef elementor-widget elementor-widget-text-editor\" data-id=\"751690ef\" data-element_type=\"widget\" data-e-type=\"widget\" data-widget_type=\"text-editor.default\">\n\t\t\t\t<div class=\"elementor-widget-container\">\n\t\t\t\t\t\t\t\t\t<div align=\"center\"><span style=\"color: #000000;\"><b>Walne Zebranie Cz\u0142onk\u00f3w Stowarzyszenia LGD Forum Powiatu Garwoli\u0144skiego<\/b><\/span><\/div><div><span style=\"color: #000000;\">Cz\u0142onkami Stowarzyszenia LGD Forum Powiatu Garwoli\u0144skiego s\u0105 podmioty sektora publicznego, gospodarczego i spo\u0142ecznego, w tym osoby fizyczne dzia\u0142aj\u0105ce na rzecz rozwoju obszaru obj\u0119tego LSR.<\/span><\/div><div><span style=\"color: #000000;\">Walne Zebranie Cz\u0142onk\u00f3w zwo\u0142uje Zarz\u0105d, co najmniej jeden raz na 12 miesi\u0119cy lub na pisemny wniosek Komisji Rewizyjnej.<\/span><\/div><div>\u00a0<\/div><div><span style=\"color: #000000;\">Do kompetencji Walnego Zebrania Cz\u0142onk\u00f3w nale\u017cy, w szczeg\u00f3lno\u015bci:<\/span><\/div><ul><li><span style=\"color: #000000;\">uchwalanie kierunk\u00f3w i programu dzia\u0142ania LGD,<\/span><\/li><li><span style=\"color: #000000;\">ustalanie liczby cz\u0142onk\u00f3w Rady, Zarz\u0105du i komisji Rewizyjnej,<\/span><\/li><li><span style=\"color: #000000;\">wyb\u00f3r i odwo\u0142anie cz\u0142onk\u00f3w Rady, Zarz\u0105du i Komisji Rewizyjnej,<\/span><\/li><li><span style=\"color: #000000;\">udzielanie absolutorium ust\u0119puj\u0105cemu Zarz\u0105dowi,<\/span><\/li><li><span style=\"color: #000000;\">uchwalanie zamian Statutu,<\/span><\/li><li><span style=\"color: #000000;\">podejmowanie uchwa\u0142 w sprawie przyst\u0105pienia LGD do innych organizacji,<\/span><\/li><li><span style=\"color: #000000;\">podejmowanie uchwa\u0142 w sprawie rozwi\u0105zania LGD,<\/span><\/li><li><span style=\"color: #000000;\">rozpatrywanie odwo\u0142a\u0144 od uchwa\u0142 Zarz\u0105du,<\/span><\/li><li><span style=\"color: #000000;\">uchwalanie regulaminu obrad Walnego Zebrania Cz\u0142onk\u00f3w, Rady, Komisji Rewizyjnej oraz \u00a0\u00a0Zarz\u0105du.<\/span><\/li><li><span style=\"color: #000000;\">ustalanie wysoko\u015bci diet dla cz\u0142onk\u00f3w Rady.<\/span><\/li><\/ul><table style=\"color: black;\" border=\"1\" width=\"642\"><tbody><tr><td>Lp.<\/td><td>Nazwa podmiotu\/Nazwisko i imi\u0119<\/td><td>Osoby wyznaczone do reprezentacji<\/td><\/tr><tr><td>1<\/td><td><strong>Powiat Garwoli\u0144ski<\/strong><\/td><td><strong>Iwona Kurowska<\/strong><\/td><\/tr><tr><td>2<\/td><td><strong>Gmina Borowie<\/strong><\/td><td><strong>Marta Serzysko<\/strong><\/td><\/tr><tr><td>3<\/td><td>Gminna Sp\u00f3\u0142ka Wodna &#8222;BOROWIE&#8221;<\/td><td>Baran Tadeusz<\/td><\/tr><tr><td>4<\/td><td>Ochotnicza Stra\u017c Po\u017carna w Borowiu<\/td><td>Baranek Tadeusz<\/td><\/tr><tr><td>5<\/td><td>Sklep Spo\u017cywczo-warzywny \u201cSMAKU\u015a\u201d<\/td><td>Poszytek Justyna<\/td><\/tr><tr><td>6<\/td><td colspan=\"2\">Baran Albert<\/td><\/tr><tr><td>7<\/td><td colspan=\"2\">Baran Cezary<\/td><\/tr><tr><td>8<\/td><td colspan=\"2\">Baran Izabela Anna<\/td><\/tr><tr><td>9<\/td><td colspan=\"2\">Bielak \u2013 Baran Danuta<\/td><\/tr><tr><td>10<\/td><td colspan=\"2\">G\u0105ska Wies\u0142aw<\/td><\/tr><tr><td>11<\/td><td colspan=\"2\">Osiak Krzysztof<\/td><\/tr><tr><td>12<\/td><td colspan=\"2\">Kowalski Janusz<\/td><\/tr><tr><td>13<\/td><td colspan=\"2\">Ks. Parafiniuk Dariusz<\/td><\/tr><tr><td>14<\/td><td colspan=\"2\">Pasternak Beata<\/td><\/tr><tr><td>15<\/td><td colspan=\"2\">Rosi\u0144ski Andrzej<\/td><\/tr><tr><td>16<\/td><td colspan=\"2\">Szaniawska Alicja<\/td><\/tr><tr><td>17<\/td><td colspan=\"2\">W\u0105grodzki Krzysztof<\/td><\/tr><tr><td>18<\/td><td colspan=\"2\">Zieli\u0144ski Artur<\/td><\/tr><tr><td>19<\/td><td><strong>Gmina Garwolin<\/strong><\/td><td><strong>Ko\u0142odziejczyk Marcin<\/strong><\/td><\/tr><tr><td>20<\/td><td>Gminna Biblioteka Publiczna<\/td><td>Belka Agnieszka<\/td><\/tr><tr><td>21<\/td><td>Gminna Sp\u00f3\u0142ka Wodna &#8222;GARWOLIN&#8221;<\/td><td>Sowa Antoni<\/td><\/tr><tr><td>22<\/td><td>Ochotnicza Stra\u017c Po\u017carna w\u00a0 R\u0119bkowie<\/td><td>Krupa Waldemar<\/td><\/tr><tr><td>23<\/td><td>Sp\u00f3\u0142ka Wodna &#8222;RUDA TALUBSKA&#8221;<\/td><td>Janaszek Zygmunt<\/td><\/tr><tr><td>24<\/td><td>AQUATECH Cezary K\u0119dziorek<\/td><td>K\u0119dziorek Cezary<\/td><\/tr><tr><td>25<\/td><td>Zak\u0142ad Us\u0142ug Wielobran\u017cowych Mieczys\u0142aw Karczmarczyk<\/td><td>Karczmarczyk Mieczys\u0142aw<\/td><\/tr><tr><td>26<\/td><td colspan=\"2\">Budyta Pawe\u0142<\/td><\/tr><tr><td>27<\/td><td colspan=\"2\">Chcia\u0142owski Marek<\/td><\/tr><tr><td>28<\/td><td colspan=\"2\">Gajewska &#8211; Zalech Ma\u0142gorzata<\/td><\/tr><tr><td>29<\/td><td colspan=\"2\">G\u00f3\u017ad\u017a Grzegorz<\/td><\/tr><tr><td>30<\/td><td colspan=\"2\">Kara\u015b Martyna<\/td><\/tr><tr><td>31<\/td><td colspan=\"2\">Kozyra Bart\u0142omiej<\/td><\/tr><tr><td>32<\/td><td colspan=\"2\">Luckar R\u00f3\u017ca<\/td><\/tr><tr><td>33<\/td><td colspan=\"2\">\u0141uczy\u0144ska Maria Sylwia<\/td><\/tr><tr><td>34<\/td><td colspan=\"2\">Makulec Ma\u0142gorzata<\/td><\/tr><tr><td>35<\/td><td colspan=\"2\">Makulec Zdzis\u0142aw<\/td><\/tr><tr><td>36<\/td><td colspan=\"2\">Pluta Iwona<\/td><\/tr><tr><td>37<\/td><td colspan=\"2\">Szafra\u0144ska Marta<\/td><\/tr><tr><td>38<\/td><td colspan=\"2\">Szewczyk Jerzy<\/td><\/tr><tr><td>39<\/td><td colspan=\"2\">Szostak Robert<\/td><\/tr><tr><td>40<\/td><td><strong>Miasto Garwolin<\/strong><\/td><td><strong>\u015awieczak Marzena<\/strong><\/td><\/tr><tr><td>41<\/td><td>F.P.H.U. Marek Pyza<\/td><td>Pyza Marek<\/td><\/tr><tr><td>42<\/td><td>Przedsi\u0119biorstwo Wielobran\u017cowe Kobus Marcin Kobus<\/td><td>Marcin Kobus<\/td><\/tr><tr><td>43<\/td><td>Rejonowy Zwi\u0105zek Sp\u00f3\u0142ek Wodnych w Garwolinie<\/td><td>Szwed Edward<\/td><\/tr><tr><td rowspan=\"2\">44<\/td><td rowspan=\"2\">Stowarzyszenie Niepe\u0142nosprawnych Powiatu Garwoli\u0144skiego \u201cRazem \u0141atwiej\u201d<\/td><td>Szarek Krystyna<\/td><\/tr><tr><td>Jaskulska Gra\u017cyna<\/td><\/tr><tr><td>45<\/td><td colspan=\"2\">Cieszkowski Krzysztof<\/td><\/tr><tr><td>46<\/td><td colspan=\"2\">Kaznowska Anna<\/td><\/tr><tr><td>47<\/td><td colspan=\"2\">Kwiatkowska Diana<\/td><\/tr><tr><td>48<\/td><td colspan=\"2\">Makarewicz Monika<\/td><\/tr><tr><td>49<\/td><td colspan=\"2\">Mitek Pawe\u0142<\/td><\/tr><tr><td>50<\/td><td colspan=\"2\">Paziewska Monika<\/td><\/tr><tr><td>51<\/td><td colspan=\"2\">Piesio Jerzy<\/td><\/tr><tr><td>52<\/td><td colspan=\"2\">Ryszkowska &#8211; Baran Hanna<\/td><\/tr><tr><td>53<\/td><td colspan=\"2\">Szostak Aneta<\/td><\/tr><tr><td>54<\/td><td colspan=\"2\">Talarek Roman<\/td><\/tr><tr><td>55<\/td><td colspan=\"2\">Tudek Cezary<\/td><\/tr><tr><td>56<\/td><td colspan=\"2\">Ulrich-Ju\u015b Wioletta<\/td><\/tr><tr><td>57<\/td><td colspan=\"2\">Zaj\u0105c Krzysztof<\/td><\/tr><tr><td>58<\/td><td><strong>Gmina G\u00f3rzno<\/strong><\/td><td><strong>Sabak Waldemar<\/strong><\/td><\/tr><tr><td>59<\/td><td>&#8222;GALAKTYKA&#8221; Bar uwersalny<\/td><td>Soszka Piotr<\/td><\/tr><tr><td>60<\/td><td>Ochotnicza Stra\u017c Po\u017carna w Ch\u0119cinach<\/td><td>Mucha Mariusz<\/td><\/tr><tr><td>61<\/td><td>Ochotnica Stra\u017c Po\u017carna w G\u00f3rznie<\/td><td>Zuchniak Jan<\/td><\/tr><tr><td>62<\/td><td>Ochotnicza Stra\u017c Po\u017carna w \u0141\u0105kach<\/td><td>Latuszek Henryk<\/td><\/tr><tr><td>63<\/td><td>P.P.H.U. &#8222;Norbut&#8221;<\/td><td>Paziewski Miros\u0142aw<\/td><\/tr><tr><td>64<\/td><td>Sp\u00f3\u0142ka Wodna &#8222;G\u00d3RZNO&#8221;<\/td><td>\u017bak Janusz<\/td><\/tr><tr><td>65<\/td><td>Zak\u0142ad Us\u0142ug Elektrycznych &#8222;ELROL&#8221;<\/td><td>Zaj\u0105c Henryk<\/td><\/tr><tr><td>66<\/td><td colspan=\"2\">Filipek Danuta<\/td><\/tr><tr><td>67<\/td><td colspan=\"2\">Gali\u0144ski S\u0142awomir<\/td><\/tr><tr><td>68<\/td><td colspan=\"2\">Ochnio Robert<\/td><\/tr><tr><td>69<\/td><td colspan=\"2\">Paziewski Andrzej<\/td><\/tr><tr><td>70<\/td><td colspan=\"2\">Szewczyk Gra\u017cyna<\/td><\/tr><tr><td>71<\/td><td><strong>Gmina \u0141askarzew<\/strong><\/td><td><strong>Marek Zi\u0119dalski<\/strong><\/td><\/tr><tr><td>72<\/td><td>&#8222;AGA&#8221; Agnieszka Kowalska<\/td><td>Kowalska Agnieszka<\/td><\/tr><tr><td rowspan=\"2\">73<\/td><td rowspan=\"2\">Stowarzyszenie Spo\u0142eczno &#8211; Kulturalne Gminy \u0141askarzew SI\u0118GAMY SUKCESU<\/td><td>Wo\u017aniak Aldona<\/td><\/tr><tr><td>Baran Agnieszka<\/td><\/tr><tr><td>74<\/td><td colspan=\"2\">Cichecka Hanna<\/td><\/tr><tr><td>75<\/td><td colspan=\"2\">Gogacz Anna<\/td><\/tr><tr><td>76<\/td><td><strong>Miasto \u0141askarzew<\/strong><\/td><td><strong>Armin Tomala<\/strong><\/td><\/tr><tr><td>77<\/td><td>P.H.U.P. &#8222;KWS \u017bABCZY\u0143SCY&#8221; Sp.J.<\/td><td>\u017babczy\u0144ski Waldemar<\/td><\/tr><tr><td>78<\/td><td>Stowarzyszenie Ko\u0142o Gospody\u0144 &#8222;Serbianki&#8221;<\/td><td>D\u0105br\u00f3wka Janina<\/td><\/tr><tr><td>79<\/td><td colspan=\"2\">Mazurek Dariusz<\/td><\/tr><tr><td>80<\/td><td colspan=\"2\">Pa\u0142yska Micha\u0142<\/td><\/tr><tr><td>81<\/td><td colspan=\"2\">Szopa Sylwia<\/td><\/tr><tr><td>82<\/td><td><strong>Miasto i Gmina Maciejowice<\/strong><\/td><td><strong>Kwiatkowski Tomasz<\/strong><\/td><\/tr><tr><td>83<\/td><td>Firma Handlowo Us\u0142ugowa &#8222;ANKAR&#8221;<\/td><td>Sitnik Andrzej<\/td><\/tr><tr><td>84<\/td><td>Ochotnicza Stra\u017c Po\u017carna w Maciejowicach<\/td><td>Czernik Micha\u0142<\/td><\/tr><tr><td>85<\/td><td>Ochotnicza Stra\u017c Po\u017carna w Pod\u0142\u0119\u017cu<\/td><td>Olechowski Stanis\u0142aw<\/td><\/tr><tr><td>86<\/td><td>Parafia Rzymsko &#8211; Katolicka p.w. Wniebowzi\u0119cia NMP<\/td><td>Ks. Marczuk Stanis\u0142aw<\/td><\/tr><tr><td>87<\/td><td>PPHU STAWEX S.J. Stanis\u0142aw i Weronika Krze\u015bniak<\/td><td>Krze\u015bniak Pawe\u0142<\/td><\/tr><tr><td>88<\/td><td colspan=\"2\">Goliszewska Anna<\/td><\/tr><tr><td>89<\/td><td colspan=\"2\">Krogulec Anna<\/td><\/tr><tr><td>90<\/td><td colspan=\"2\">Krupa Stanis\u0142awa<\/td><\/tr><tr><td>91<\/td><td colspan=\"2\">Wojciechowska Danuta<\/td><\/tr><tr><td>92<\/td><td colspan=\"2\">Zalska Lidia<\/td><\/tr><tr><td>93<\/td><td colspan=\"2\">Zygan Bo\u017cena<\/td><\/tr><tr><td>94<\/td><td><strong>Gmina Miastk\u00f3w Ko\u015bcielny<\/strong><\/td><td><strong>Jaro\u0144 Jerzy<\/strong><\/td><\/tr><tr><td>95<\/td><td>CEDAR-IMPORT Anna Szczygielska<\/td><td>Szczygielska Anna<\/td><\/tr><tr><td>96<\/td><td>Gminna Sp\u00f3\u0142dzielnia \u201cSCH&#8221;<\/td><td>Pszczo\u0142a Kazimiera<\/td><\/tr><tr><td>97<\/td><td>Gminna Sp\u00f3\u0142ka Wodna &#8222;MIASTK\u00d3W&#8221;<\/td><td>Gr\u0105\u017cka Teresa<\/td><\/tr><tr><td>98<\/td><td>&#8222;NOWIX&#8221; Grzegorz Paduch<\/td><td>Paduch Grzegorz<\/td><\/tr><tr><td>99<\/td><td>Ochotnicza Stra\u017c Po\u017carna w Zwoli<\/td><td>Rogala J\u00f3zef<\/td><\/tr><tr><td>100<\/td><td>Samodzielny Publiczny Zak\u0142ad Opieki Zdrowotnej<\/td><td>Paczek Baranek Agata<\/td><\/tr><tr><td>101<\/td><td colspan=\"2\">Cichecki Tadeusz<\/td><\/tr><tr><td>102<\/td><td colspan=\"2\">Fr\u0105czyk Stanis\u0142aw<\/td><\/tr><tr><td>103<\/td><td colspan=\"2\">Jaro\u0144 Bo\u017cena<\/td><\/tr><tr><td>104<\/td><td colspan=\"2\">Jaro\u0144 Marek<\/td><\/tr><tr><td>105<\/td><td colspan=\"2\">Kobzi\u0144ska Genowefa<\/td><\/tr><tr><td>106<\/td><td colspan=\"2\">Lada Agnieszka<\/td><\/tr><tr><td>107<\/td><td colspan=\"2\">Mika Krystyna<\/td><\/tr><tr><td>108<\/td><td colspan=\"2\">Miszta Kinga<\/td><\/tr><tr><td>109<\/td><td colspan=\"2\">Mucha Gra\u017cyna<\/td><\/tr><tr><td>110<\/td><td colspan=\"2\">Ochnio Mariola<\/td><\/tr><tr><td>111<\/td><td colspan=\"2\">Ponceleusz Anna<\/td><\/tr><tr><td>112<\/td><td colspan=\"2\">Sitek El\u017cbieta<\/td><\/tr><tr><td>113<\/td><td colspan=\"2\">Tarczy\u0144ski Dariusz<\/td><\/tr><tr><td>114<\/td><td><strong>Gmina Parys\u00f3w<\/strong><\/td><td><strong>Kwiatkowska Bo\u017cena<\/strong><\/td><\/tr><tr><td>115<\/td><td>Ochotnicza Stra\u017c Po\u017carna w Parysowie<\/td><td>Pi\u0119tka Stanis\u0142aw<\/td><\/tr><tr><td>116<\/td><td>TRANS-SYP Wojciech Zawadka<\/td><td>Zawadka Wojciech<\/td><\/tr><tr><td>117<\/td><td colspan=\"2\">Ca\u0142ka Maria<\/td><\/tr><tr><td>118<\/td><td colspan=\"2\">Ks.Tendorf W\u0142odzimierz<\/td><\/tr><tr><td>119<\/td><td><strong>Miasto i Gmina Pilawa<\/strong><\/td><td><strong>\u0141ubian Albina<\/strong><\/td><\/tr><tr><td>120<\/td><td>Gminna Sp\u00f3\u0142ka Wodna &#8222;PILAWA&#8221;<\/td><td>Paradowska Teresa<\/td><\/tr><tr><td>121<\/td><td>Dr House &#8211; Micha\u0142 Szyszko<\/td><td>Szyszko Micha\u0142<\/td><\/tr><tr><td>122<\/td><td>Klub Malucha PUCHATKOWO<\/td><td>G\u0142asek Agnieszka<\/td><\/tr><tr><td>123<\/td><td>Marcin Braun Produkcja Handel Us\u0142ugi<\/td><td>Braun Marcin<\/td><\/tr><tr><td>124<\/td><td>Mechanika Pojazdowa Andrzej K\u0119pka<\/td><td>K\u0119pka Andrzej<\/td><\/tr><tr><td>125<\/td><td>Ochotnicza Stra\u017c Po\u017carna w Pilawie<\/td><td>Kisielewski Zbigniew<\/td><\/tr><tr><td>126<\/td><td>P.P.H.U. DREWMEX<\/td><td>Brzozowski Janusz<\/td><\/tr><tr><td>127<\/td><td colspan=\"2\">B\u0105k El\u017cbieta<\/td><\/tr><tr><td>128<\/td><td colspan=\"2\">Czajka Krzysztof<\/td><\/tr><tr><td>129<\/td><td colspan=\"2\">Dubi\u0144ski Krystian<\/td><\/tr><tr><td>130<\/td><td colspan=\"2\">Gajowniczek Hanna<\/td><\/tr><tr><td>131<\/td><td colspan=\"2\">Jedynak Cezary<\/td><\/tr><tr><td>132<\/td><td colspan=\"2\">Ko\u015bcianek Dariusz<\/td><\/tr><tr><td>133<\/td><td colspan=\"2\">Mikos Bernarda<\/td><\/tr><tr><td>134<\/td><td colspan=\"2\">Pa\u0142yska Irena<\/td><\/tr><tr><td>135<\/td><td colspan=\"2\">Podg\u00f3rska Halina<\/td><\/tr><tr><td>136<\/td><td colspan=\"2\">Podsiad\u0142y Zdzis\u0142aw<\/td><\/tr><tr><td>137<\/td><td colspan=\"2\">Po\u0142ocza\u0144ski Tomasz<\/td><\/tr><tr><td>138<\/td><td colspan=\"2\">Smak Kinga<\/td><\/tr><tr><td>139<\/td><td colspan=\"2\">Sygnowski Tomasz<\/td><\/tr><tr><td>140<\/td><td colspan=\"2\">Szczypek Jan<\/td><\/tr><tr><td>141<\/td><td colspan=\"2\">Wo\u017aniak Grzegorz<\/td><\/tr><tr><td>142<\/td><td colspan=\"2\">Zakrzewska Sylwia<\/td><\/tr><tr><td>143<\/td><td colspan=\"2\">Zawadka Marcin<\/td><\/tr><tr><td>144<\/td><td><strong>Gmina Sobolew<\/strong><\/td><td><strong>B\u0142achnio Maciej<\/strong><\/td><\/tr><tr><td>145<\/td><td>Gminna Sp\u00f3\u0142ka Wodna &#8222;SOBOLEW&#8221;<\/td><td>Zygad\u0142o Zofia<\/td><\/tr><tr><td rowspan=\"2\">146<\/td><td rowspan=\"2\">Gminny Uczniowski Klub Sportowy \u201cZRYW\u201d Sobolew<\/td><td>Tywanek Jan<\/td><\/tr><tr><td>Bojanowski Marcin<\/td><\/tr><tr><td>147<\/td><td>Ochotnicza Stra\u017c Po\u017carna w Chotyni<\/td><td>Owczarczyk Miros\u0142aw<\/td><\/tr><tr><td>148<\/td><td>Ochotnicza Stra\u017c Po\u017carna w Kownacicy<\/td><td>Cie\u015bla Adam<\/td><\/tr><tr><td rowspan=\"2\">149<\/td><td rowspan=\"2\">Ochotnicza Stra\u017c Po\u017carna w Ostro\u017ceniu<\/td><td>Zygad\u0142o Krzysztof<\/td><\/tr><tr><td>Dadana S\u0142awomir<\/td><\/tr><tr><td>150<\/td><td>Ochotnicza Stra\u017c Po\u017carna w Sokole<\/td><td>Czamara Grzegorz<\/td><\/tr><tr><td>151<\/td><td>Us\u0142ugi Gastronomiczne Anna Wi\u015bnioch<\/td><td>Wi\u015bnioch Anna<\/td><\/tr><tr><td>152<\/td><td colspan=\"2\">Chmielak Waldemar<\/td><\/tr><tr><td>153<\/td><td colspan=\"2\">Cie\u015bla Tomasz<\/td><\/tr><tr><td>154<\/td><td colspan=\"2\">Koszutski Andrzej<\/td><\/tr><tr><td>155<\/td><td colspan=\"2\">\u015aliz Grzegorz<\/td><\/tr><tr><td>156<\/td><td><strong>Gmina Trojan\u00f3w<\/strong><\/td><td><strong>Micha\u0142 Jasek<\/strong><\/td><\/tr><tr><td>157<\/td><td>&#8222;AUTO-AGRO&#8221; Pawe\u0142 Ty\u015bkiewicz<\/td><td>Pawe\u0142 Ty\u015bkiewicz<\/td><\/tr><tr><td>158<\/td><td>Gminna Sp\u00f3\u0142ka Wodna &#8222;TROJAN\u00d3W&#8221;<\/td><td>Pacek Jerzy<\/td><\/tr><tr><td>159<\/td><td>Ochotnicza Stra\u017c Po\u017carna w Korytnicy<\/td><td>Mikusek Andrzej<\/td><\/tr><tr><td>160<\/td><td colspan=\"2\">Bienias Anna<\/td><\/tr><tr><td>161<\/td><td colspan=\"2\">Buczek Katarzyna<\/td><\/tr><tr><td>162<\/td><td colspan=\"2\">Lasocka Anna<\/td><\/tr><tr><td>163<\/td><td colspan=\"2\">Prz\u0105dka Agnieszka<\/td><\/tr><tr><td>164<\/td><td colspan=\"2\">Stefanowski Zenon<\/td><\/tr><tr><td>165<\/td><td colspan=\"2\">Tomaszek Krzysztof<\/td><\/tr><tr><td>166<\/td><td><strong>Gmina Wilga<\/strong><\/td><td><strong>G\u0142aszczka Bogumi\u0142a<\/strong><\/td><\/tr><tr><td>167<\/td><td>Fresh Apple Sp. z o.o.<\/td><td>Nowak Marcin<\/td><\/tr><tr><td>168<\/td><td>Stowarzyszenie Spo\u0142eczno &#8211; Kulturalne &#8222;Razem dla Gminy Wilga&#8221;<\/td><td>Ko\u0142tun Teresa<\/td><\/tr><tr><td>169<\/td><td colspan=\"2\">Gontarz Gra\u017cyna<\/td><\/tr><tr><td>170<\/td><td colspan=\"2\">W\u0119grzynek Iwona<\/td><\/tr><tr><td>171<\/td><td><strong>Miasto i Gmina \u017belech\u00f3w<\/strong><\/td><td><strong>Krystyna Wieczorkiewicz<\/strong><\/td><\/tr><tr><td>172<\/td><td>Gminna Sp\u00f3\u0142ka Wodna &#8222;\u017bELECH\u00d3W&#8221;<\/td><td>Prz\u0105dka Witold<\/td><\/tr><tr><td>173<\/td><td>Katolickie Stowarzyszenie Niepe\u0142nosprawnych Diecezji Siedleckiej w \u017belechowie<\/td><td>Gudro &#8211; Puischel Stanis\u0142awa<\/td><\/tr><tr><td>174<\/td><td>Klub Sportowy \u201cS\u0118P\u201d \u017belech\u00f3w<\/td><td>Wojtowicz Bogus\u0142aw<\/td><\/tr><tr><td>175<\/td><td>Ochotnicza Stra\u017c Po\u017carna w Piastowie<\/td><td>\u017bywek Regina<\/td><\/tr><tr><td>176<\/td><td>Ochotnicza Stra\u017c Po\u017carna w Stefanowie<\/td><td>Pietryka Jan<\/td><\/tr><tr><td>177<\/td><td>P.U.H. AUTOKOMPLEKS Jaros\u0142aw Wojta\u015b, Andrzej Wojta\u015b<\/td><td>Wojta\u015b Jaros\u0142aw<\/td><\/tr><tr><td>178<\/td><td>Salon Fryzjerski \u201cWenus\u201d<\/td><td>Skwarek Urszula<\/td><\/tr><tr><td>179<\/td><td>Zak\u0142ad Gospodarki Komunalnej<\/td><td>Staniszewski Daniel<\/td><\/tr><tr><td>180<\/td><td>Zesp\u00f3\u0142 Szk\u00f3\u0142 w Stefanowie<\/td><td>Biernacki Ireneusz<\/td><\/tr><tr><td>181<\/td><td colspan=\"2\">Antolak Ma\u0142gorzata<\/td><\/tr><tr><td>182<\/td><td colspan=\"2\">B\u0142a\u017cejczyk Daniel<\/td><\/tr><tr><td>183<\/td><td colspan=\"2\">Dobrzy\u0144ska Hanna<\/td><\/tr><tr><td>184<\/td><td colspan=\"2\">Gula Leonard<\/td><\/tr><tr><td>185<\/td><td colspan=\"2\">Kamola Joanna<\/td><\/tr><tr><td>186<\/td><td colspan=\"2\">Komar Micha\u0142<\/td><\/tr><tr><td>187<\/td><td colspan=\"2\">Kory\u015b Krystyna<\/td><\/tr><tr><td>188<\/td><td colspan=\"2\">Kosyra Beata<\/td><\/tr><tr><td>189<\/td><td colspan=\"2\">Kozie\u0142 Iwona<\/td><\/tr><tr><td>190<\/td><td colspan=\"2\">Lenkiewicz Jan<\/td><\/tr><tr><td>191<\/td><td colspan=\"2\">Marczak Mieczys\u0142aw<\/td><\/tr><tr><td>192<\/td><td colspan=\"2\">Mate\u0144ko Stanis\u0142aw<\/td><\/tr><tr><td>193<\/td><td colspan=\"2\">Rodak Iwona<\/td><\/tr><tr><td>194<\/td><td colspan=\"2\">Ros\u0142aniec Grzegorz<\/td><\/tr><tr><td>195<\/td><td colspan=\"2\">Siwi\u0144ska Marianna<\/td><\/tr><tr><td>196<\/td><td colspan=\"2\">Szubielski Andrzej<\/td><\/tr><\/tbody><\/table>\t\t\t\t\t\t\t\t<\/div>\n\t\t\t\t<\/div>\n\t\t\t\t<\/div>\n\t\t<div class=\"elementor-element elementor-element-4c8f8fc e-flex e-con-boxed e-con e-parent\" data-id=\"4c8f8fc\" data-element_type=\"container\" data-e-type=\"container\">\n\t\t\t\t\t<div class=\"e-con-inner\">\n\t\t\t\t<div class=\"elementor-element elementor-element-b4e5a89 elementor-widget elementor-widget-button\" data-id=\"b4e5a89\" data-element_type=\"widget\" data-e-type=\"widget\" data-widget_type=\"button.default\">\n\t\t\t\t<div class=\"elementor-widget-container\">\n\t\t\t\t\t\t\t\t\t<div class=\"elementor-button-wrapper\">\n\t\t\t\t\t<a class=\"elementor-button elementor-button-link elementor-size-sm\" href=\"https:\/\/lgd-garwolin.pl\/wp-content\/uploads\/2025\/09\/Regulamin-WZC.pdf\" target=\"_blank\">\n\t\t\t\t\t\t<span class=\"elementor-button-content-wrapper\">\n\t\t\t\t\t\t<span class=\"elementor-button-icon\">\n\t\t\t\t<svg aria-hidden=\"true\" class=\"e-font-icon-svg e-far-file\" viewBox=\"0 0 384 512\" xmlns=\"http:\/\/www.w3.org\/2000\/svg\"><path d=\"M369.9 97.9L286 14C277 5 264.8-.1 252.1-.1H48C21.5 0 0 21.5 0 48v416c0 26.5 21.5 48 48 48h288c26.5 0 48-21.5 48-48V131.9c0-12.7-5.1-25-14.1-34zM332.1 128H256V51.9l76.1 76.1zM48 464V48h160v104c0 13.3 10.7 24 24 24h104v288H48z\"><\/path><\/svg>\t\t\t<\/span>\n\t\t\t\t\t\t\t\t\t<span class=\"elementor-button-text\">Regulamin Walnego Zebrania Cz\u0142onk\u00f3w<\/span>\n\t\t\t\t\t<\/span>\n\t\t\t\t\t<\/a>\n\t\t\t\t<\/div>\n\t\t\t\t\t\t\t\t<\/div>\n\t\t\t\t<\/div>\n\t\t\t\t\t<\/div>\n\t\t\t\t<\/div>\n\t\t\t\t<\/div>\n\t\t","protected":false},"excerpt":{"rendered":"<p>Walne Zebranie Cz\u0142onk\u00f3w Stowarzyszenia LGD Forum Powiatu Garwoli\u0144skiegoCz\u0142onkami Stowarzyszenia LGD Forum Powiatu Garwoli\u0144skiego s\u0105 podmioty sektora publicznego, gospodarczego i spo\u0142ecznego, w tym osoby fizyczne dzia\u0142aj\u0105ce na rzecz rozwoju obszaru obj\u0119tego LSR.Walne Zebranie Cz\u0142onk\u00f3w zwo\u0142uje Zarz\u0105d, co najmniej jeden raz na 12 miesi\u0119cy lub na pisemny wniosek Komisji Rewizyjnej.\u00a0Do kompetencji Walnego Zebrania Cz\u0142onk\u00f3w nale\u017cy, w szczeg\u00f3lno\u015bci: [&hellip;]<\/p>\n","protected":false},"author":1,"featured_media":0,"parent":0,"menu_order":0,"comment_status":"closed","ping_status":"closed","template":"","meta":{"ngg_post_thumbnail":0,"footnotes":""},"class_list":["post-117","page","type-page","status-publish","hentry"],"jetpack_sharing_enabled":true,"_links":{"self":[{"href":"https:\/\/lgd-garwolin.pl\/index.php\/wp-json\/wp\/v2\/pages\/117","targetHints":{"allow":["GET"]}}],"collection":[{"href":"https:\/\/lgd-garwolin.pl\/index.php\/wp-json\/wp\/v2\/pages"}],"about":[{"href":"https:\/\/lgd-garwolin.pl\/index.php\/wp-json\/wp\/v2\/types\/page"}],"author":[{"embeddable":true,"href":"https:\/\/lgd-garwolin.pl\/index.php\/wp-json\/wp\/v2\/users\/1"}],"replies":[{"embeddable":true,"href":"https:\/\/lgd-garwolin.pl\/index.php\/wp-json\/wp\/v2\/comments?post=117"}],"version-history":[{"count":29,"href":"https:\/\/lgd-garwolin.pl\/index.php\/wp-json\/wp\/v2\/pages\/117\/revisions"}],"predecessor-version":[{"id":1451,"href":"https:\/\/lgd-garwolin.pl\/index.php\/wp-json\/wp\/v2\/pages\/117\/revisions\/1451"}],"wp:attachment":[{"href":"https:\/\/lgd-garwolin.pl\/index.php\/wp-json\/wp\/v2\/media?parent=117"}],"curies":[{"name":"wp","href":"https:\/\/api.w.org\/{rel}","templated":true}]}}