{"id":115,"date":"2025-03-03T14:49:24","date_gmt":"2025-03-03T13:49:24","guid":{"rendered":"https:\/\/kompam.webd.pl\/strony\/lgd-garwolin.pl\/?page_id=115"},"modified":"2025-09-16T20:24:16","modified_gmt":"2025-09-16T18:24:16","slug":"komisja-rewizyjna","status":"publish","type":"page","link":"https:\/\/lgd-garwolin.pl\/index.php\/komisja-rewizyjna\/","title":{"rendered":"Komisja Rewizyjna"},"content":{"rendered":"\t\t<div data-elementor-type=\"wp-page\" data-elementor-id=\"115\" class=\"elementor elementor-115\">\n\t\t\t\t<div class=\"elementor-element elementor-element-35a0f91 e-flex e-con-boxed e-con e-parent\" data-id=\"35a0f91\" data-element_type=\"container\" data-e-type=\"container\">\n\t\t\t\t\t<div class=\"e-con-inner\">\n\t\t\t\t<div class=\"elementor-element elementor-element-48cbe96e elementor-widget elementor-widget-text-editor\" data-id=\"48cbe96e\" data-element_type=\"widget\" data-e-type=\"widget\" data-widget_type=\"text-editor.default\">\n\t\t\t\t<div class=\"elementor-widget-container\">\n\t\t\t\t\t\t\t\t\t<p><strong>Komisja Rewizyjna Stowarzyszenia LGD Forum Powiatu Garwoli\u0144skiego<\/strong><\/p><p>Komisja Rewizyjna sk\u0142ada si\u0119 z Przewodnicz\u0105cego, Wiceprzewodnicz\u0105cego i od 1 do 3 cz\u0142onk\u00f3w wybieranych i odwo\u0142ywanych przez Walne Zebranie Cz\u0142onk\u00f3w.<\/p><p>Do kompetencji Komisji Rewizyjnej nale\u017cy:<\/p><ol><li>kontrola bie\u017c\u0105cej pracy LGD,<\/li><li>sk\u0142adanie wniosk\u00f3w w przedmiocie absolutorium dla Zarz\u0105du na Walnym Zebraniu Cz\u0142onk\u00f3w,<\/li><li>wyst\u0119powanie z wnioskiem o zwo\u0142anie Walnego Zebrania Cz\u0142onk\u00f3w,<\/li><li>dokonywanie wyboru podmiotu maj\u0105cego zbada\u0107 sprawozdanie finansowe LGD zgodnie z przepisami o rachunkowo\u015bci.<\/li><\/ol><p><u>Sk\u0142ad Komisji Rewizyjnej Stowarzyszenia\u00a0LGD Forum Powiatu Garwoli\u0144skiego:<\/u><\/p><table border=\"1\"><tbody><tr><td width=\"20\">Lp<\/td><td width=\"139\">Nazwisko i Imi\u0119<\/td><td width=\"141\">Funkcja<\/td><\/tr><tr><td width=\"20\">1<\/td><td width=\"139\"><strong>Pluta Iwona<\/strong><\/td><td width=\"141\"><strong>Przewodnicz\u0105ca Komisji Rewizyjnej<\/strong><\/td><\/tr><tr><td width=\"20\">2<\/td><td width=\"139\"><strong>Smak-Lasocka Kinga<\/strong><\/td><td width=\"141\"><strong>Wiceprzewodnicz\u0105ca Komisji Rewizyjnej<\/strong><\/td><\/tr><tr><td width=\"20\">3<\/td><td width=\"139\">Kobus Marcin<\/td><td width=\"141\">Cz\u0142onek Komisji Rewizyjnej<\/td><\/tr><tr><td width=\"20\">4<\/td><td width=\"139\">Ochnio Robert<\/td><td width=\"141\">Cz\u0142onek Komisji Rewizyjnej<\/td><\/tr><tr><td width=\"20\">5<\/td><td width=\"139\">Osiak Krzysztof<\/td><td width=\"141\">Cz\u0142onek Komisji Rewizyjnej<\/td><\/tr><\/tbody><\/table>\t\t\t\t\t\t\t\t<\/div>\n\t\t\t\t<\/div>\n\t\t\t\t\t<\/div>\n\t\t\t\t<\/div>\n\t\t\t\t<\/div>\n\t\t","protected":false},"excerpt":{"rendered":"<p>Komisja Rewizyjna Stowarzyszenia LGD Forum Powiatu Garwoli\u0144skiego Komisja Rewizyjna sk\u0142ada si\u0119 z Przewodnicz\u0105cego, Wiceprzewodnicz\u0105cego i od 1 do 3 cz\u0142onk\u00f3w wybieranych i odwo\u0142ywanych przez Walne Zebranie Cz\u0142onk\u00f3w. Do kompetencji Komisji Rewizyjnej nale\u017cy: kontrola bie\u017c\u0105cej pracy LGD, sk\u0142adanie wniosk\u00f3w w przedmiocie absolutorium dla Zarz\u0105du na Walnym Zebraniu Cz\u0142onk\u00f3w, wyst\u0119powanie z wnioskiem o zwo\u0142anie Walnego Zebrania Cz\u0142onk\u00f3w, [&hellip;]<\/p>\n","protected":false},"author":1,"featured_media":0,"parent":0,"menu_order":0,"comment_status":"closed","ping_status":"closed","template":"","meta":{"ngg_post_thumbnail":0,"footnotes":""},"class_list":["post-115","page","type-page","status-publish","hentry"],"jetpack_sharing_enabled":true,"_links":{"self":[{"href":"https:\/\/lgd-garwolin.pl\/index.php\/wp-json\/wp\/v2\/pages\/115","targetHints":{"allow":["GET"]}}],"collection":[{"href":"https:\/\/lgd-garwolin.pl\/index.php\/wp-json\/wp\/v2\/pages"}],"about":[{"href":"https:\/\/lgd-garwolin.pl\/index.php\/wp-json\/wp\/v2\/types\/page"}],"author":[{"embeddable":true,"href":"https:\/\/lgd-garwolin.pl\/index.php\/wp-json\/wp\/v2\/users\/1"}],"replies":[{"embeddable":true,"href":"https:\/\/lgd-garwolin.pl\/index.php\/wp-json\/wp\/v2\/comments?post=115"}],"version-history":[{"count":14,"href":"https:\/\/lgd-garwolin.pl\/index.php\/wp-json\/wp\/v2\/pages\/115\/revisions"}],"predecessor-version":[{"id":1485,"href":"https:\/\/lgd-garwolin.pl\/index.php\/wp-json\/wp\/v2\/pages\/115\/revisions\/1485"}],"wp:attachment":[{"href":"https:\/\/lgd-garwolin.pl\/index.php\/wp-json\/wp\/v2\/media?parent=115"}],"curies":[{"name":"wp","href":"https:\/\/api.w.org\/{rel}","templated":true}]}}