{"id":113,"date":"2025-03-03T14:48:50","date_gmt":"2025-03-03T13:48:50","guid":{"rendered":"https:\/\/kompam.webd.pl\/strony\/lgd-garwolin.pl\/?page_id=113"},"modified":"2025-09-15T21:02:07","modified_gmt":"2025-09-15T19:02:07","slug":"zarzad","status":"publish","type":"page","link":"https:\/\/lgd-garwolin.pl\/index.php\/zarzad\/","title":{"rendered":"Zarz\u0105d"},"content":{"rendered":"\t\t<div data-elementor-type=\"wp-page\" data-elementor-id=\"113\" class=\"elementor elementor-113\">\n\t\t\t\t<div class=\"elementor-element elementor-element-5cefa339 e-flex e-con-boxed e-con e-parent\" data-id=\"5cefa339\" data-element_type=\"container\" data-e-type=\"container\">\n\t\t\t\t\t<div class=\"e-con-inner\">\n\t\t\t\t<div class=\"elementor-element elementor-element-34ed16ca elementor-widget elementor-widget-text-editor\" data-id=\"34ed16ca\" data-element_type=\"widget\" data-e-type=\"widget\" data-widget_type=\"text-editor.default\">\n\t\t\t\t<div class=\"elementor-widget-container\">\n\t\t\t\t\t\t\t\t\t<div align=\"center\"><b>Zarz\u0105d <\/b><b>Stowarzyszenia LGD Forum Powiatu Garwoli\u0144skiego<\/b><\/div><div align=\"center\">\u00a0<\/div><div>Zarz\u0105d Stowarzyszenia sk\u0142ada si\u0119 z \u00a0Prezesa, dw\u00f3ch Wiceprezes\u00f3w, Skarbnika i od 3 do 12 innych cz\u0142onk\u00f3w.<\/div><div>\u00a0<\/div><div>\u00a0Do kompetencji Zarz\u0105du nale\u017cy:<\/div><ul><li>przyjmowanie nowych cz\u0142onk\u00f3w Stowarzyszenia,<\/li><li>reprezentowanie Stowarzyszenia na zewn\u0105trz i dzia\u0142anie w jego imieniu,<\/li><li>kierowanie bie\u017c\u0105c\u0105 prac\u0105 Stowarzyszenia,<\/li><li>zwo\u0142ywanie Walnego Zebrania Cz\u0142onk\u00f3w,<\/li><li>ustalanie wysoko\u015bci sk\u0142adek cz\u0142onkowskich,<\/li><li>powo\u0142ywanie i odwo\u0142ywanie kierownika Biura LGD oraz zatrudnienie innych pracownik\u00f3w tego Biura,<\/li><li>ustalanie wielko\u015bci zatrudnienia i zasad wynagradzaniu pracownik\u00f3w Biura LGD,<\/li><li>ustalenie regulaminu Biura LGD,<\/li><li>opracowanie LSR, oraz innych wymaganych przepisami dokument\u00f3w, celem przyst\u0105pienia do konkursu na realizacje LSR,<\/li><li>przygotowanie wniosku o dofinansowanie realizacji LSR i przyst\u0105pienie do konkursu na jej dofinansowanie, zgodnie z przepisami,<\/li><li>realizacja LSR zgodnie z zasadami wynikaj\u0105cymi z przepis\u00f3w, w tym og\u0142oszenie konkurs\u00f3w na projekt, ich przyjmowanie i przedk\u0142adanie Radzie, celem dokonania wyboru projekt\u00f3w do realizacji w ramach strategii,<\/li><li>opracowanie wniosk\u00f3w i innych dokument\u00f3w w celu pozyskiwania \u015brodk\u00f3w na realizacj\u0119 cel\u00f3w z innych program\u00f3w pomocowych,<\/li><li>wykonywanie innych dzia\u0142a\u0144 wymaganych przepisami, zwi\u0105zanych z realizacj\u0105 LSR,<\/li><li>dokonywanie podzia\u0142u obowi\u0105zk\u00f3w i zakresu dzia\u0142ania poszczeg\u00f3lnych cz\u0142onk\u00f3w Zarz\u0105du.<\/li><\/ul><table border=\"1\"><tbody><tr><td>Lp<\/td><td>Nazwisko<\/td><td>Imi\u0119<\/td><td>Funkcja<\/td><\/tr><tr><td><strong>1<\/strong><\/td><td><strong>Po\u0142ocza\u0144ski<\/strong><\/td><td><strong>Tomasz<\/strong><\/td><td><strong>Prezes Zarz\u0105du<\/strong><\/td><\/tr><tr><td><strong>2<\/strong><\/td><td><strong>Ko\u0142odziejczyk<\/strong><\/td><td><strong>Marcin<\/strong><\/td><td><strong>Wiceprezes Zarz\u0105du<\/strong><\/td><\/tr><tr><td><strong>3<\/strong><\/td><td><strong>Tomaszek<\/strong><\/td><td><strong>Krzysztof<\/strong><\/td><td><strong>Wiceprezes Zarz\u0105du<\/strong><\/td><\/tr><tr><td><strong>4<\/strong><\/td><td><strong>Sitek<\/strong><\/td><td><strong>El\u017cbieta<\/strong><\/td><td><strong>Skarbnik<\/strong><\/td><\/tr><tr><td>5<\/td><td>Gontarz<\/td><td>Gra\u017cyna<\/td><td>Cz\u0142onek Zarz\u0105du<\/td><\/tr><tr><td>6<\/td><td>Kurowska<\/td><td>Iwona<\/td><td>Cz\u0142onek Zarz\u0105du<\/td><\/tr><tr><td>7<\/td><td>Kwiatkowski<\/td><td>Tomasz<\/td><td>Cz\u0142onek Zarz\u0105du<\/td><\/tr><tr><td>8<\/td><td>\u0141ubian<\/td><td>Albina<\/td><td>Cz\u0142onek Zarz\u0105du<\/td><\/tr><tr><td>9<\/td><td>Sabak<\/td><td>Waldemar<\/td><td>Cz\u0142onek Zarz\u0105du<\/td><\/tr><tr><td>10<\/td><td>\u015awieczak<\/td><td>Marzena<\/td><td>Cz\u0142onek Zarz\u0105du<\/td><\/tr><tr><td>11<\/td><td>Tendorf<\/td><td>W\u0142odzimierz<\/td><td>Cz\u0142onek Zarz\u0105du<\/td><\/tr><tr><td>12<\/td><td>Tomala<\/td><td>Armin<\/td><td>Cz\u0142onek Zarz\u0105du<\/td><\/tr><tr><td>13<\/td><td>Wieczorkiewicz<\/td><td>Krystyna<\/td><td>Cz\u0142onek Zarz\u0105du<\/td><\/tr><tr><td>14<\/td><td>Wi\u015bnioch<\/td><td>Anna<\/td><td>Cz\u0142onek Zarz\u0105du<\/td><\/tr><tr><td>15<\/td><td>Zieli\u0144ski<\/td><td>Artur<\/td><td>Cz\u0142onek Zarz\u0105du<\/td><\/tr><tr><td>16<\/td><td>Zi\u0119dalski<\/td><td>Marek<\/td><td>Cz\u0142onek Zarz\u0105du<\/td><\/tr><\/tbody><\/table>\t\t\t\t\t\t\t\t<\/div>\n\t\t\t\t<\/div>\n\t\t\t\t\t<\/div>\n\t\t\t\t<\/div>\n\t\t<div class=\"elementor-element elementor-element-70b52fd e-flex e-con-boxed e-con e-parent\" data-id=\"70b52fd\" data-element_type=\"container\" data-e-type=\"container\">\n\t\t\t\t\t<div class=\"e-con-inner\">\n\t\t\t\t<div class=\"elementor-element elementor-element-6a530ad elementor-button-info elementor-widget elementor-widget-button\" data-id=\"6a530ad\" data-element_type=\"widget\" data-e-type=\"widget\" data-widget_type=\"button.default\">\n\t\t\t\t<div class=\"elementor-widget-container\">\n\t\t\t\t\t\t\t\t\t<div class=\"elementor-button-wrapper\">\n\t\t\t\t\t<a class=\"elementor-button elementor-button-link elementor-size-sm\" href=\"https:\/\/lgd-garwolin.pl\/wp-content\/uploads\/2025\/09\/regulamin-zarzadu-082025.pdf\" target=\"_blank\">\n\t\t\t\t\t\t<span class=\"elementor-button-content-wrapper\">\n\t\t\t\t\t\t<span class=\"elementor-button-icon\">\n\t\t\t\t<svg aria-hidden=\"true\" class=\"e-font-icon-svg e-far-file-pdf\" viewBox=\"0 0 384 512\" xmlns=\"http:\/\/www.w3.org\/2000\/svg\"><path d=\"M369.9 97.9L286 14C277 5 264.8-.1 252.1-.1H48C21.5 0 0 21.5 0 48v416c0 26.5 21.5 48 48 48h288c26.5 0 48-21.5 48-48V131.9c0-12.7-5.1-25-14.1-34zM332.1 128H256V51.9l76.1 76.1zM48 464V48h160v104c0 13.3 10.7 24 24 24h104v288H48zm250.2-143.7c-12.2-12-47-8.7-64.4-6.5-17.2-10.5-28.7-25-36.8-46.3 3.9-16.1 10.1-40.6 5.4-56-4.2-26.2-37.8-23.6-42.6-5.9-4.4 16.1-.4 38.5 7 67.1-10 23.9-24.9 56-35.4 74.4-20 10.3-47 26.2-51 46.2-3.3 15.8 26 55.2 76.1-31.2 22.4-7.4 46.8-16.5 68.4-20.1 18.9 10.2 41 17 55.8 17 25.5 0 28-28.2 17.5-38.7zm-198.1 77.8c5.1-13.7 24.5-29.5 30.4-35-19 30.3-30.4 35.7-30.4 35zm81.6-190.6c7.4 0 6.7 32.1 1.8 40.8-4.4-13.9-4.3-40.8-1.8-40.8zm-24.4 136.6c9.7-16.9 18-37 24.7-54.7 8.3 15.1 18.9 27.2 30.1 35.5-20.8 4.3-38.9 13.1-54.8 19.2zm131.6-5s-5 6-37.3-7.8c35.1-2.6 40.9 5.4 37.3 7.8z\"><\/path><\/svg>\t\t\t<\/span>\n\t\t\t\t\t\t\t\t\t<span class=\"elementor-button-text\">Regulamin Zarz\u0105du<\/span>\n\t\t\t\t\t<\/span>\n\t\t\t\t\t<\/a>\n\t\t\t\t<\/div>\n\t\t\t\t\t\t\t\t<\/div>\n\t\t\t\t<\/div>\n\t\t\t\t\t<\/div>\n\t\t\t\t<\/div>\n\t\t\t\t<\/div>\n\t\t","protected":false},"excerpt":{"rendered":"<p>Zarz\u0105d Stowarzyszenia LGD Forum Powiatu Garwoli\u0144skiego\u00a0Zarz\u0105d Stowarzyszenia sk\u0142ada si\u0119 z \u00a0Prezesa, dw\u00f3ch Wiceprezes\u00f3w, Skarbnika i od 3 do 12 innych cz\u0142onk\u00f3w.\u00a0\u00a0Do kompetencji Zarz\u0105du nale\u017cy: przyjmowanie nowych cz\u0142onk\u00f3w Stowarzyszenia, reprezentowanie Stowarzyszenia na zewn\u0105trz i dzia\u0142anie w jego imieniu, kierowanie bie\u017c\u0105c\u0105 prac\u0105 Stowarzyszenia, zwo\u0142ywanie Walnego Zebrania Cz\u0142onk\u00f3w, ustalanie wysoko\u015bci sk\u0142adek cz\u0142onkowskich, powo\u0142ywanie i odwo\u0142ywanie kierownika Biura LGD [&hellip;]<\/p>\n","protected":false},"author":1,"featured_media":0,"parent":0,"menu_order":0,"comment_status":"closed","ping_status":"closed","template":"","meta":{"ngg_post_thumbnail":0,"footnotes":""},"class_list":["post-113","page","type-page","status-publish","hentry"],"jetpack_sharing_enabled":true,"_links":{"self":[{"href":"https:\/\/lgd-garwolin.pl\/index.php\/wp-json\/wp\/v2\/pages\/113","targetHints":{"allow":["GET"]}}],"collection":[{"href":"https:\/\/lgd-garwolin.pl\/index.php\/wp-json\/wp\/v2\/pages"}],"about":[{"href":"https:\/\/lgd-garwolin.pl\/index.php\/wp-json\/wp\/v2\/types\/page"}],"author":[{"embeddable":true,"href":"https:\/\/lgd-garwolin.pl\/index.php\/wp-json\/wp\/v2\/users\/1"}],"replies":[{"embeddable":true,"href":"https:\/\/lgd-garwolin.pl\/index.php\/wp-json\/wp\/v2\/comments?post=113"}],"version-history":[{"count":14,"href":"https:\/\/lgd-garwolin.pl\/index.php\/wp-json\/wp\/v2\/pages\/113\/revisions"}],"predecessor-version":[{"id":1444,"href":"https:\/\/lgd-garwolin.pl\/index.php\/wp-json\/wp\/v2\/pages\/113\/revisions\/1444"}],"wp:attachment":[{"href":"https:\/\/lgd-garwolin.pl\/index.php\/wp-json\/wp\/v2\/media?parent=113"}],"curies":[{"name":"wp","href":"https:\/\/api.w.org\/{rel}","templated":true}]}}