{"id":111,"date":"2025-03-03T14:48:16","date_gmt":"2025-03-03T13:48:16","guid":{"rendered":"https:\/\/kompam.webd.pl\/strony\/lgd-garwolin.pl\/?page_id=111"},"modified":"2026-02-11T20:58:13","modified_gmt":"2026-02-11T19:58:13","slug":"rada-stowarzyszenia","status":"publish","type":"page","link":"https:\/\/lgd-garwolin.pl\/index.php\/rada-stowarzyszenia\/","title":{"rendered":"Rada"},"content":{"rendered":"\t\t<div data-elementor-type=\"wp-page\" data-elementor-id=\"111\" class=\"elementor elementor-111\">\n\t\t\t\t<div class=\"elementor-element elementor-element-614ae15e e-flex e-con-boxed e-con e-parent\" data-id=\"614ae15e\" data-element_type=\"container\" data-e-type=\"container\">\n\t\t\t\t\t<div class=\"e-con-inner\">\n\t\t\t\t<div class=\"elementor-element elementor-element-1a169255 elementor-widget elementor-widget-text-editor\" data-id=\"1a169255\" data-element_type=\"widget\" data-e-type=\"widget\" data-widget_type=\"text-editor.default\">\n\t\t\t\t<div class=\"elementor-widget-container\">\n\t\t\t\t\t\t\t\t\t<div>Rada Stowarzyszenia LGD Forum Powiatu Garwoli\u0144skiego<\/div><div>\u00a0<\/div><div>Rada jest organem decyzyjnym Stowarzyszenia. Obecnie sk\u0142ada si\u0119 ona\u00a0z os\u00f3b reprezentuj\u0105cych, obok sektor\u00f3w publicznego, gospodarczego i spo\u0142ecznego, jednostki samorz\u0105du terytorialnego wchodz\u0105ce w sk\u0142ad obszaru LGD. Do wy\u0142\u0105cznej kompetencji Rady nale\u017cy wyb\u00f3r operacji, kt\u00f3re maj\u0105 by\u0107 realizowane w ramach lokalnej strategii rozwoju opracowanej przez Stowarzyszenie.<\/div><div>\u00a0<\/div><div>Sk\u0142ad organu decyzyjnego LGD forum Powiatu Garwoli\u0144skiego<\/div><div>\u00a0<\/div><div><table border=\"1\"><tbody><tr><td width=\"20\">Lp<\/td><td width=\"110\">Nazwisko i Imie<\/td><td width=\"110\">Funkcja<\/td><td width=\"110\">Sektor<\/td><\/tr><tr><td width=\"20\"><strong>1<\/strong><\/td><td width=\"110\"><strong>Serzysko Marta<\/strong><\/td><td width=\"110\"><strong>Przewodnicz\u0105ca<\/strong><\/td><td width=\"110\"><strong>sektor publiczny<\/strong><\/td><\/tr><tr><td width=\"20\">2<\/td><td width=\"110\"><strong>Jaro\u0144 Jerzy\u00a0\u00a0 \u00a0<\/strong><\/td><td width=\"110\"><strong>Wiceprzewodnicz\u0105cy<\/strong><\/td><td width=\"110\"><strong>sektor spo\u0142eczny<\/strong><\/td><\/tr><tr><td width=\"20\">3<\/td><td width=\"110\">B\u0142achnio Maciej<\/td><td width=\"110\">Cz\u0142onek<\/td><td width=\"110\">sektor spo\u0142eczny<\/td><\/tr><tr><td width=\"20\">4<\/td><td width=\"110\">Ca\u0142ka Maria<\/td><td width=\"110\">Cz\u0142onek<\/td><td width=\"110\">sektor gospodarczy<\/td><\/tr><tr><td width=\"20\">5<\/td><td width=\"110\">Gogacz Anna<\/td><td width=\"110\">Cz\u0142onek<\/td><td width=\"110\">sektor spo\u0142eczny<\/td><\/tr><tr><td width=\"20\">6<\/td><td width=\"110\">K\u0119dziorek Cezary<\/td><td width=\"110\">Cz\u0142onek<\/td><td width=\"110\">sektor gospodarczy<\/td><\/tr><tr><td width=\"20\">7<\/td><td width=\"110\">Kozie\u0142 Iwona<\/td><td width=\"110\">Cz\u0142onek<\/td><td width=\"110\">sektor spo\u0142eczny<\/td><\/tr><tr><td width=\"20\">8<\/td><td width=\"110\">Kwiatkowska Bo\u017cena<\/td><td width=\"110\">Cz\u0142onek<\/td><td width=\"110\">sektor publiczny<\/td><\/tr><tr><td width=\"20\">9<\/td><td width=\"110\">Mazurek Dariusz<\/td><td width=\"110\">Cz\u0142onek<\/td><td width=\"110\">sektor spo\u0142eczny<\/td><\/tr><tr><td width=\"20\">10<\/td><td width=\"110\">Mikusek Andrzej<\/td><td width=\"110\">Cz\u0142onek<\/td><td width=\"110\">sektor spo\u0142eczny<\/td><\/tr><tr><td width=\"20\">11<\/td><td width=\"110\">Nowak Marcin<\/td><td width=\"110\">Cz\u0142onek<\/td><td width=\"110\">sektor gospodarczy<\/td><\/tr><tr><td width=\"20\">12<\/td><td width=\"110\">Ryszkowska-Baran Hanna<\/td><td width=\"110\">Cz\u0142onek<\/td><td width=\"110\">sektor spo\u0142eczny<\/td><\/tr><tr><td width=\"20\">13<\/td><td width=\"110\">Szyszko Micha\u0142<\/td><td width=\"110\">Cz\u0142onek<\/td><td width=\"110\">sektor gospodarczy<\/td><\/tr><tr><td width=\"20\">14<\/td><td width=\"110\">W\u0119grzynek Iwona<\/td><td width=\"110\">Cz\u0142onek<\/td><td width=\"110\">sektor spo\u0142eczny<\/td><\/tr><tr><td width=\"20\">15<\/td><td width=\"110\">Zaj\u0105\u0107 Henryk<\/td><td width=\"110\">Cz\u0142onek<\/td><td width=\"110\">sektor gospodarczy<\/td><\/tr><\/tbody><\/table><\/div>\t\t\t\t\t\t\t\t<\/div>\n\t\t\t\t<\/div>\n\t\t\t\t\t<\/div>\n\t\t\t\t<\/div>\n\t\t<div class=\"elementor-element elementor-element-657332b e-flex e-con-boxed e-con e-parent\" data-id=\"657332b\" data-element_type=\"container\" data-e-type=\"container\">\n\t\t\t\t\t<div class=\"e-con-inner\">\n\t\t\t\t<div class=\"elementor-element elementor-element-2233468 elementor-button-info elementor-widget elementor-widget-button\" data-id=\"2233468\" data-element_type=\"widget\" data-e-type=\"widget\" data-widget_type=\"button.default\">\n\t\t\t\t<div class=\"elementor-widget-container\">\n\t\t\t\t\t\t\t\t\t<div class=\"elementor-button-wrapper\">\n\t\t\t\t\t<a class=\"elementor-button elementor-button-link elementor-size-sm\" href=\"https:\/\/lgd-garwolin.pl\/wp-content\/uploads\/2025\/09\/regulaminrady.pdf\" target=\"_blank\">\n\t\t\t\t\t\t<span class=\"elementor-button-content-wrapper\">\n\t\t\t\t\t\t<span class=\"elementor-button-icon\">\n\t\t\t\t<svg aria-hidden=\"true\" class=\"e-font-icon-svg e-far-file\" viewBox=\"0 0 384 512\" xmlns=\"http:\/\/www.w3.org\/2000\/svg\"><path d=\"M369.9 97.9L286 14C277 5 264.8-.1 252.1-.1H48C21.5 0 0 21.5 0 48v416c0 26.5 21.5 48 48 48h288c26.5 0 48-21.5 48-48V131.9c0-12.7-5.1-25-14.1-34zM332.1 128H256V51.9l76.1 76.1zM48 464V48h160v104c0 13.3 10.7 24 24 24h104v288H48z\"><\/path><\/svg>\t\t\t<\/span>\n\t\t\t\t\t\t\t\t\t<span class=\"elementor-button-text\">Regulamin Rady<\/span>\n\t\t\t\t\t<\/span>\n\t\t\t\t\t<\/a>\n\t\t\t\t<\/div>\n\t\t\t\t\t\t\t\t<\/div>\n\t\t\t\t<\/div>\n\t\t\t\t\t<\/div>\n\t\t\t\t<\/div>\n\t\t\t\t<\/div>\n\t\t","protected":false},"excerpt":{"rendered":"<p>Rada Stowarzyszenia LGD Forum Powiatu Garwoli\u0144skiego\u00a0Rada jest organem decyzyjnym Stowarzyszenia. Obecnie sk\u0142ada si\u0119 ona\u00a0z os\u00f3b reprezentuj\u0105cych, obok sektor\u00f3w publicznego, gospodarczego i spo\u0142ecznego, jednostki samorz\u0105du terytorialnego wchodz\u0105ce w sk\u0142ad obszaru LGD. Do wy\u0142\u0105cznej kompetencji Rady nale\u017cy wyb\u00f3r operacji, kt\u00f3re maj\u0105 by\u0107 realizowane w ramach lokalnej strategii rozwoju opracowanej przez Stowarzyszenie.\u00a0Sk\u0142ad organu decyzyjnego LGD forum Powiatu Garwoli\u0144skiego\u00a0 [&hellip;]<\/p>\n","protected":false},"author":1,"featured_media":0,"parent":0,"menu_order":0,"comment_status":"closed","ping_status":"closed","template":"","meta":{"ngg_post_thumbnail":0,"footnotes":""},"class_list":["post-111","page","type-page","status-publish","hentry"],"jetpack_sharing_enabled":true,"_links":{"self":[{"href":"https:\/\/lgd-garwolin.pl\/index.php\/wp-json\/wp\/v2\/pages\/111","targetHints":{"allow":["GET"]}}],"collection":[{"href":"https:\/\/lgd-garwolin.pl\/index.php\/wp-json\/wp\/v2\/pages"}],"about":[{"href":"https:\/\/lgd-garwolin.pl\/index.php\/wp-json\/wp\/v2\/types\/page"}],"author":[{"embeddable":true,"href":"https:\/\/lgd-garwolin.pl\/index.php\/wp-json\/wp\/v2\/users\/1"}],"replies":[{"embeddable":true,"href":"https:\/\/lgd-garwolin.pl\/index.php\/wp-json\/wp\/v2\/comments?post=111"}],"version-history":[{"count":32,"href":"https:\/\/lgd-garwolin.pl\/index.php\/wp-json\/wp\/v2\/pages\/111\/revisions"}],"predecessor-version":[{"id":1810,"href":"https:\/\/lgd-garwolin.pl\/index.php\/wp-json\/wp\/v2\/pages\/111\/revisions\/1810"}],"wp:attachment":[{"href":"https:\/\/lgd-garwolin.pl\/index.php\/wp-json\/wp\/v2\/media?parent=111"}],"curies":[{"name":"wp","href":"https:\/\/api.w.org\/{rel}","templated":true}]}}